{"id":72,"date":"2024-07-17T11:08:17","date_gmt":"2024-07-17T09:08:17","guid":{"rendered":"https:\/\/apartamentoselmarques.com\/?page_id=72"},"modified":"2026-03-17T10:50:58","modified_gmt":"2026-03-17T09:50:58","slug":"politica-de-cookies","status":"publish","type":"page","link":"https:\/\/apartamentoselmarques.com\/en\/politica-de-cookies\/","title":{"rendered":"Pol\u00edtica de Cookies"},"content":{"rendered":"\t\t<div data-elementor-type=\"wp-page\" data-elementor-id=\"72\" class=\"elementor elementor-72\" data-elementor-post-type=\"page\">\n\t\t\t\t<div class=\"elementor-element elementor-element-73f9d30 e-flex e-con-boxed e-con e-parent\" data-id=\"73f9d30\" data-element_type=\"container\" data-e-type=\"container\" data-settings=\"{&quot;background_background&quot;:&quot;classic&quot;}\">\n\t\t\t\t\t<div class=\"e-con-inner\">\n\t\t\t\t\t<\/div>\n\t\t\t\t<\/div>\n\t\t<div class=\"elementor-element elementor-element-18a2821 e-flex e-con-boxed e-con e-parent\" data-id=\"18a2821\" data-element_type=\"container\" data-e-type=\"container\">\n\t\t\t\t\t<div class=\"e-con-inner\">\n\t\t<div class=\"elementor-element elementor-element-be67688 e-con-full e-flex e-con e-child\" data-id=\"be67688\" data-element_type=\"container\" data-e-type=\"container\">\n\t\t\t\t<div class=\"elementor-element elementor-element-bde42a3 elementor-widget elementor-widget-text-editor\" data-id=\"bde42a3\" data-element_type=\"widget\" data-e-type=\"widget\" data-widget_type=\"text-editor.default\">\n\t\t\t\t\t\t\t\t\t<p><strong>COOKIE POLICY<\/strong><\/p><p><strong>apartamentoselmarques.com<\/strong><\/p><p>Accessing this website may involve the use of cookies. Cookies are small pieces of data stored in the browser used by each user\u2014on the various devices they may use to browse the internet\u2014so that the server can remember certain information which will subsequently be read only by the server that created it. Cookies make browsing easier and more user-friendly, and do not harm the device being used to browse the internet.<\/p><p>Cookies are automated processes that collect information regarding the preferences set by the User during their visit to the Website, with the aim of recognising them as a User and personalising their experience and use of the Website; they may also, for example, help to identify and resolve errors.<\/p><p>The information collected via cookies may include the date and time of visits to the Website, the pages viewed, the length of time spent on the Website, and the sites visited immediately before and after it. However, no cookie allows the Website to contact the User via their telephone number or any other means of personal contact. No cookie can extract information from the User\u2019s hard drive or steal personal information. The only way for the User\u2019s private information to be included in the cookie file is if the User personally provides that information to the server.<\/p><p>Cookies that enable a person to be identified are considered personal data. Consequently, the Privacy Policy described above applies to them. In this regard, the User\u2019s consent is required for their use. This consent must be freely given, based on a genuine choice, expressed through an affirmative and positive decision, prior to the initial processing, and must be revocable and documented.<\/p><p><strong>First-party cookies<\/strong><\/p><p>These are cookies that are sent to the User\u2019s computer or device and managed exclusively by CONFECCIONES LOSE, S.L. to ensure the Website functions optimally. The information collected is used to improve the quality of the Website and its content, as well as the User\u2019s experience. These cookies enable the User to be recognised as a returning visitor to the Website and allow the content to be tailored to suit their preferences.<\/p><p><strong>Third-party cookies<\/strong><\/p><p>These are cookies used and managed by external entities that provide CONFECCIONES LOSE, S.L. with services requested by the company to improve the Website and the user experience when browsing the Website. The main purposes for which third-party cookies are used are to collect visitor statistics and analyse browsing information, i.e. how the User interacts with the Website.<\/p><p>The information collected relates, for example, to the number of pages visited, the language, the location of the IP address from which the User is accessing the site, the number of Users accessing the site, the frequency and recurrence of visits, the duration of visits, the browser used, and the operator or type of device from which the visit is made. This information is used to improve the Website and identify new needs in order to offer Users content and\/or services of the highest quality.<br \/>In all cases, the information is collected anonymously and reports on Website trends are compiled without identifying individual users.<\/p><p>You can find out more about cookies and privacy, or view a description of the types of cookies used, their main features, expiry dates, etc., via the following link(s):<\/p><p>https:\/\/analytics.google.com\/ https:\/\/es-es.facebook.com\/business\/tools\/meta-pixel<\/p><p>The entity or entities responsible for providing cookies may disclose this information to third parties, provided that this is required by law or that a third party processes this information on their behalf.<\/p><p><strong>Social media cookies<\/strong><\/p>CONFECCIONES LOSE, S.L.<p>includes social media plugins, which allow access to these platforms via the Website. For this reason, social media cookies may be stored in the User\u2019s browser. The operators of these social media platforms have their own data protection and cookie policies, and are themselves responsible, in each case, for their own data files and privacy practices. The User should refer to these policies to find out about such cookies and, where applicable, the processing of their personal data.<\/p><p>The following links are provided for information purposes only, allowing you to view these privacy and\/or cookie policies:<\/p><ul><li>Facebook: <a href=\"https:\/\/www.facebook.com\/policies\/cookies\/\">https:\/\/www.facebook.com\/policies\/cookies\/<\/a><\/li><li>Twitter: <a href=\"https:\/\/twitter.com\/es\/privacy\">https:\/\/twitter.com\/es\/privacy<\/a><\/li><li>Instagram: <a href=\"https:\/\/help.instagram.com\/1896641480634370?ref=ig\">https:\/\/help.instagram.com\/1896641480634370?ref=ig<\/a><\/li><li>YouTube: <a href=\"https:\/\/policies.google.com\/privacy?hl=es-419&amp;gl=mx\">https:\/\/policies.google.com\/privacy?hl=es-419&amp;gl=mx<\/a><\/li><li>Pinterest: <a href=\"https:\/\/policy.pinterest.com\/es\/privacy-policy\">https:\/\/policy.pinterest.com\/es\/privacy-policy<\/a><\/li><li>LinkedIn: <a href=\"https:\/\/www.linkedin.com\/legal\/cookie-policy?trk=hp-cookies\">https:\/\/www.linkedin.com\/legal\/cookie-policy?trk=hp-cookies<\/a><\/li><\/ul><p><strong>Disable, block and delete cookies<\/strong><\/p><p>Users may disable, block or delete cookies\u2014either in full or in part\u2014stored on their device via their browser settings (including, for example, Chrome, Firefox, Safari and Explorer). The procedures for blocking and deleting cookies may vary from one web browser to another. Consequently, Users should refer to the instructions provided by the web browser they are using. Should you reject the use of cookies \u2014either in full or in part\u2014 you may continue to use the Website, although your use of some of its features may be limited.<\/p><p>This Cookie Policy document was created using the free online cookie policy template generator on 17 July 2024.<\/p>\t\t\t\t\t\t\t\t<\/div>\n\t\t\t\t<\/div>\n\t\t\t\t\t<\/div>\n\t\t\t\t<\/div>\n\t\t\t\t<\/div>\n\t\t","protected":false},"excerpt":{"rendered":"<p>COOKIE POLICY Accessing this website may involve the use of cookies. Cookies are small pieces of data stored in the browser used by each user\u2014on the various devices they may use to browse the internet\u2014so that the server can remember certain information which will subsequently be read only by the server that created it. Cookies [&hellip;]<\/p>\n","protected":false},"author":1,"featured_media":0,"parent":0,"menu_order":0,"comment_status":"closed","ping_status":"closed","template":"elementor_header_footer","meta":{"editor_notices":[],"footnotes":""},"class_list":["post-72","page","type-page","status-publish","hentry"],"yoast_head":"<!-- This site is optimized with the Yoast SEO plugin v27.2 - https:\/\/yoast.com\/product\/yoast-seo-wordpress\/ -->\n<title>Pol\u00edtica de Cookies - Apartamentos El Marqu\u00e9s M\u00e1laga<\/title>\n<meta name=\"robots\" content=\"noindex, nofollow\" \/>\n<meta property=\"og:locale\" content=\"es_ES\" \/>\n<meta property=\"og:type\" content=\"article\" \/>\n<meta property=\"og:title\" content=\"Pol\u00edtica de Cookies - Apartamentos El Marqu\u00e9s M\u00e1laga\" \/>\n<meta property=\"og:description\" content=\"COOKIE POLICY Accessing this website may involve the use of cookies. Cookies are small pieces of data stored in the browser used by each user\u2014on the various devices they may use to browse the internet\u2014so that the server can remember certain information which will subsequently be read only by the server that created it. Cookies [&hellip;]\" \/>\n<meta property=\"og:url\" content=\"https:\/\/apartamentoselmarques.com\/en\/politica-de-cookies\/\" \/>\n<meta property=\"og:site_name\" content=\"Apartamentos El Marqu\u00e9s M\u00e1laga\" \/>\n<meta property=\"article:modified_time\" content=\"2026-03-17T09:50:58+00:00\" \/>\n<meta name=\"twitter:card\" content=\"summary_large_image\" \/>\n<meta name=\"twitter:label1\" content=\"Tiempo de lectura\" \/>\n\t<meta name=\"twitter:data1\" content=\"4 minutos\" \/>\n<script type=\"application\/ld+json\" class=\"yoast-schema-graph\">{\"@context\":\"https:\/\/schema.org\",\"@graph\":[{\"@type\":\"WebPage\",\"@id\":\"https:\/\/apartamentoselmarques.com\/en\/politica-de-cookies\/\",\"url\":\"https:\/\/apartamentoselmarques.com\/en\/politica-de-cookies\/\",\"name\":\"Pol\u00edtica de Cookies - Apartamentos El Marqu\u00e9s M\u00e1laga\",\"isPartOf\":{\"@id\":\"https:\/\/apartamentoselmarques.com\/en\/#website\"},\"datePublished\":\"2024-07-17T09:08:17+00:00\",\"dateModified\":\"2026-03-17T09:50:58+00:00\",\"breadcrumb\":{\"@id\":\"https:\/\/apartamentoselmarques.com\/en\/politica-de-cookies\/#breadcrumb\"},\"inLanguage\":\"es\",\"potentialAction\":[{\"@type\":\"ReadAction\",\"target\":[\"https:\/\/apartamentoselmarques.com\/en\/politica-de-cookies\/\"]}]},{\"@type\":\"BreadcrumbList\",\"@id\":\"https:\/\/apartamentoselmarques.com\/en\/politica-de-cookies\/#breadcrumb\",\"itemListElement\":[{\"@type\":\"ListItem\",\"position\":1,\"name\":\"Portada\",\"item\":\"https:\/\/apartamentoselmarques.com\/en\/\"},{\"@type\":\"ListItem\",\"position\":2,\"name\":\"Pol\u00edtica de Cookies\"}]},{\"@type\":\"WebSite\",\"@id\":\"https:\/\/apartamentoselmarques.com\/en\/#website\",\"url\":\"https:\/\/apartamentoselmarques.com\/en\/\",\"name\":\"Apartamentos El Marqu\u00e9s M\u00e1laga\",\"description\":\"Alojamientos tur\u00edsticos en el centro de M\u00e1laga\",\"publisher\":{\"@id\":\"https:\/\/apartamentoselmarques.com\/en\/#organization\"},\"potentialAction\":[{\"@type\":\"SearchAction\",\"target\":{\"@type\":\"EntryPoint\",\"urlTemplate\":\"https:\/\/apartamentoselmarques.com\/en\/?s={search_term_string}\"},\"query-input\":{\"@type\":\"PropertyValueSpecification\",\"valueRequired\":true,\"valueName\":\"search_term_string\"}}],\"inLanguage\":\"es\"},{\"@type\":\"Organization\",\"@id\":\"https:\/\/apartamentoselmarques.com\/en\/#organization\",\"name\":\"Apartamentos El Marqu\u00e9s M\u00e1laga\",\"url\":\"https:\/\/apartamentoselmarques.com\/en\/\",\"logo\":{\"@type\":\"ImageObject\",\"inLanguage\":\"es\",\"@id\":\"https:\/\/apartamentoselmarques.com\/en\/#\/schema\/logo\/image\/\",\"url\":\"https:\/\/apartamentoselmarques.com\/en\/wp-content\/uploads\/sites\/2\/Logotipo-aptos_el_marques.webp\",\"contentUrl\":\"https:\/\/apartamentoselmarques.com\/en\/wp-content\/uploads\/sites\/2\/Logotipo-aptos_el_marques.webp\",\"width\":600,\"height\":422,\"caption\":\"Apartamentos El Marqu\u00e9s M\u00e1laga\"},\"image\":{\"@id\":\"https:\/\/apartamentoselmarques.com\/en\/#\/schema\/logo\/image\/\"}}]}<\/script>\n<!-- \/ Yoast SEO plugin. -->","yoast_head_json":{"title":"Pol\u00edtica de Cookies - Apartamentos El Marqu\u00e9s M\u00e1laga","robots":{"index":"noindex","follow":"nofollow"},"og_locale":"es_ES","og_type":"article","og_title":"Pol\u00edtica de Cookies - Apartamentos El Marqu\u00e9s M\u00e1laga","og_description":"COOKIE POLICY Accessing this website may involve the use of cookies. Cookies are small pieces of data stored in the browser used by each user\u2014on the various devices they may use to browse the internet\u2014so that the server can remember certain information which will subsequently be read only by the server that created it. Cookies [&hellip;]","og_url":"https:\/\/apartamentoselmarques.com\/en\/politica-de-cookies\/","og_site_name":"Apartamentos El Marqu\u00e9s M\u00e1laga","article_modified_time":"2026-03-17T09:50:58+00:00","twitter_card":"summary_large_image","twitter_misc":{"Tiempo de lectura":"4 minutos"},"schema":{"@context":"https:\/\/schema.org","@graph":[{"@type":"WebPage","@id":"https:\/\/apartamentoselmarques.com\/en\/politica-de-cookies\/","url":"https:\/\/apartamentoselmarques.com\/en\/politica-de-cookies\/","name":"Pol\u00edtica de Cookies - Apartamentos El Marqu\u00e9s M\u00e1laga","isPartOf":{"@id":"https:\/\/apartamentoselmarques.com\/en\/#website"},"datePublished":"2024-07-17T09:08:17+00:00","dateModified":"2026-03-17T09:50:58+00:00","breadcrumb":{"@id":"https:\/\/apartamentoselmarques.com\/en\/politica-de-cookies\/#breadcrumb"},"inLanguage":"es","potentialAction":[{"@type":"ReadAction","target":["https:\/\/apartamentoselmarques.com\/en\/politica-de-cookies\/"]}]},{"@type":"BreadcrumbList","@id":"https:\/\/apartamentoselmarques.com\/en\/politica-de-cookies\/#breadcrumb","itemListElement":[{"@type":"ListItem","position":1,"name":"Portada","item":"https:\/\/apartamentoselmarques.com\/en\/"},{"@type":"ListItem","position":2,"name":"Pol\u00edtica de Cookies"}]},{"@type":"WebSite","@id":"https:\/\/apartamentoselmarques.com\/en\/#website","url":"https:\/\/apartamentoselmarques.com\/en\/","name":"Apartamentos El Marqu\u00e9s M\u00e1laga","description":"Alojamientos tur\u00edsticos en el centro de M\u00e1laga","publisher":{"@id":"https:\/\/apartamentoselmarques.com\/en\/#organization"},"potentialAction":[{"@type":"SearchAction","target":{"@type":"EntryPoint","urlTemplate":"https:\/\/apartamentoselmarques.com\/en\/?s={search_term_string}"},"query-input":{"@type":"PropertyValueSpecification","valueRequired":true,"valueName":"search_term_string"}}],"inLanguage":"es"},{"@type":"Organization","@id":"https:\/\/apartamentoselmarques.com\/en\/#organization","name":"Apartamentos El Marqu\u00e9s M\u00e1laga","url":"https:\/\/apartamentoselmarques.com\/en\/","logo":{"@type":"ImageObject","inLanguage":"es","@id":"https:\/\/apartamentoselmarques.com\/en\/#\/schema\/logo\/image\/","url":"https:\/\/apartamentoselmarques.com\/en\/wp-content\/uploads\/sites\/2\/Logotipo-aptos_el_marques.webp","contentUrl":"https:\/\/apartamentoselmarques.com\/en\/wp-content\/uploads\/sites\/2\/Logotipo-aptos_el_marques.webp","width":600,"height":422,"caption":"Apartamentos El Marqu\u00e9s M\u00e1laga"},"image":{"@id":"https:\/\/apartamentoselmarques.com\/en\/#\/schema\/logo\/image\/"}}]}},"_links":{"self":[{"href":"https:\/\/apartamentoselmarques.com\/en\/wp-json\/wp\/v2\/pages\/72","targetHints":{"allow":["GET"]}}],"collection":[{"href":"https:\/\/apartamentoselmarques.com\/en\/wp-json\/wp\/v2\/pages"}],"about":[{"href":"https:\/\/apartamentoselmarques.com\/en\/wp-json\/wp\/v2\/types\/page"}],"author":[{"embeddable":true,"href":"https:\/\/apartamentoselmarques.com\/en\/wp-json\/wp\/v2\/users\/1"}],"replies":[{"embeddable":true,"href":"https:\/\/apartamentoselmarques.com\/en\/wp-json\/wp\/v2\/comments?post=72"}],"version-history":[{"count":10,"href":"https:\/\/apartamentoselmarques.com\/en\/wp-json\/wp\/v2\/pages\/72\/revisions"}],"predecessor-version":[{"id":4162,"href":"https:\/\/apartamentoselmarques.com\/en\/wp-json\/wp\/v2\/pages\/72\/revisions\/4162"}],"wp:attachment":[{"href":"https:\/\/apartamentoselmarques.com\/en\/wp-json\/wp\/v2\/media?parent=72"}],"curies":[{"name":"wp","href":"https:\/\/api.w.org\/{rel}","templated":true}]}}