{"id":2951,"date":"2026-02-23T17:11:50","date_gmt":"2026-02-23T16:11:50","guid":{"rendered":"https:\/\/apartamentoselmarques.com\/?page_id=2951"},"modified":"2026-03-16T14:57:54","modified_gmt":"2026-03-16T13:57:54","slug":"experiencias","status":"publish","type":"page","link":"https:\/\/apartamentoselmarques.com\/en\/experiencias\/","title":{"rendered":"Experiencias"},"content":{"rendered":"\t\t<div data-elementor-type=\"wp-page\" data-elementor-id=\"2951\" class=\"elementor elementor-2951\" data-elementor-post-type=\"page\">\n\t\t\t\t<div class=\"elementor-element elementor-element-40f6892 e-flex e-con-boxed e-con e-parent\" data-id=\"40f6892\" data-element_type=\"container\" data-e-type=\"container\" data-settings=\"{&quot;background_background&quot;:&quot;classic&quot;}\">\n\t\t\t\t\t<div class=\"e-con-inner\">\n\t\t\t\t<div class=\"elementor-element elementor-element-2e75db9 elementor-widget elementor-widget-heading\" data-id=\"2e75db9\" data-element_type=\"widget\" data-e-type=\"widget\" data-widget_type=\"heading.default\">\n\t\t\t\t\t<h1 class=\"elementor-heading-title elementor-size-default\">Experiences<\/h1>\t\t\t\t<\/div>\n\t\t\t\t<div class=\"elementor-element elementor-element-7bdc39e elementor-widget elementor-widget-text-editor\" data-id=\"7bdc39e\" data-element_type=\"widget\" data-e-type=\"widget\" data-widget_type=\"text-editor.default\">\n\t\t\t\t\t\t\t\t\t<p>So that you may experience new things<\/p>\t\t\t\t\t\t\t\t<\/div>\n\t\t\t\t\t<\/div>\n\t\t\t\t<\/div>\n\t\t<div class=\"elementor-element elementor-element-6718afe e-flex e-con-boxed e-con e-parent\" data-id=\"6718afe\" data-element_type=\"container\" data-e-type=\"container\">\n\t\t\t\t\t<div class=\"e-con-inner\">\n\t\t\t\t<div class=\"elementor-element elementor-element-9a23e15 elementor-widget elementor-widget-heading\" data-id=\"9a23e15\" data-element_type=\"widget\" data-e-type=\"widget\" data-widget_type=\"heading.default\">\n\t\t\t\t\t<h2 class=\"elementor-heading-title elementor-size-default\">Things to do in <\/h2>\t\t\t\t<\/div>\n\t\t\t\t<div class=\"elementor-element elementor-element-e016e75 elementor-widget elementor-widget-heading\" data-id=\"e016e75\" data-element_type=\"widget\" data-e-type=\"widget\" data-widget_type=\"heading.default\">\n\t\t\t\t\t<h2 class=\"elementor-heading-title elementor-size-default\">M\u00e1laga<\/h2>\t\t\t\t<\/div>\n\t\t\t\t\t<\/div>\n\t\t\t\t<\/div>\n\t\t<div class=\"elementor-element elementor-element-115a047 e-grid e-con-boxed e-con e-parent\" data-id=\"115a047\" data-element_type=\"container\" data-e-type=\"container\">\n\t\t\t\t\t<div class=\"e-con-inner\">\n\t\t\t\t<div class=\"elementor-element elementor-element-cb447e1 elementor-cta--skin-classic elementor-animated-content elementor-bg-transform elementor-bg-transform-zoom-in elementor-widget elementor-widget-call-to-action\" data-id=\"cb447e1\" data-element_type=\"widget\" data-e-type=\"widget\" data-widget_type=\"call-to-action.default\">\n\t\t\t\t\t\t\t<div class=\"elementor-cta\">\n\t\t\t\t\t<div class=\"elementor-cta__bg-wrapper\">\n\t\t\t\t<div class=\"elementor-cta__bg elementor-bg\" style=\"background-image: url(https:\/\/apartamentoselmarques.com\/en\/wp-content\/uploads\/sites\/2\/casa-natal-picasso.webp);\" role=\"img\" aria-label=\"casa natal picasso\"><\/div>\n\t\t\t\t<div class=\"elementor-cta__bg-overlay\"><\/div>\n\t\t\t<\/div>\n\t\t\t\t\t\t\t<div class=\"elementor-cta__content\">\n\t\t\t\t\n\t\t\t\t\t\t\t\t\t<h2 class=\"elementor-cta__title elementor-cta__content-item elementor-content-item\">\n\t\t\t\t\t\tTickets for the Picasso Birthplace Museum in M\u00e1laga\t\t\t\t\t<\/h2>\n\t\t\t\t\n\t\t\t\t\n\t\t\t\t\t\t\t\t\t<div class=\"elementor-cta__button-wrapper elementor-cta__content-item elementor-content-item \">\n\t\t\t\t\t<a class=\"elementor-cta__button elementor-button elementor-size-\" href=\"https:\/\/fas.st\/t\/G4Uka9mh\" target=\"_blank\" rel=\"nofollow\">\n\t\t\t\t\t\tRead more\t\t\t\t\t<\/a>\n\t\t\t\t\t<\/div>\n\t\t\t\t\t\t\t<\/div>\n\t\t\t\t\t\t<\/div>\n\t\t\t\t\t\t<\/div>\n\t\t\t\t<div class=\"elementor-element elementor-element-d1387fa elementor-cta--skin-classic elementor-animated-content elementor-bg-transform elementor-bg-transform-zoom-in elementor-widget elementor-widget-call-to-action\" data-id=\"d1387fa\" data-element_type=\"widget\" data-e-type=\"widget\" data-widget_type=\"call-to-action.default\">\n\t\t\t\t\t\t\t<div class=\"elementor-cta\">\n\t\t\t\t\t<div class=\"elementor-cta__bg-wrapper\">\n\t\t\t\t<div class=\"elementor-cta__bg elementor-bg\" style=\"background-image: url(https:\/\/apartamentoselmarques.com\/en\/wp-content\/uploads\/sites\/2\/banos-arabes.webp);\" role=\"img\" aria-label=\"banos arabes\"><\/div>\n\t\t\t\t<div class=\"elementor-cta__bg-overlay\"><\/div>\n\t\t\t<\/div>\n\t\t\t\t\t\t\t<div class=\"elementor-cta__content\">\n\t\t\t\t\n\t\t\t\t\t\t\t\t\t<h2 class=\"elementor-cta__title elementor-cta__content-item elementor-content-item\">\n\t\t\t\t\t\tHammam Al \u00c1ndalus Arabic Baths in M\u00e1laga\t\t\t\t\t<\/h2>\n\t\t\t\t\n\t\t\t\t\n\t\t\t\t\t\t\t\t\t<div class=\"elementor-cta__button-wrapper elementor-cta__content-item elementor-content-item \">\n\t\t\t\t\t<a class=\"elementor-cta__button elementor-button elementor-size-\" href=\"https:\/\/fas.st\/t\/qQAp7WZu\" target=\"_blank\" rel=\"nofollow\">\n\t\t\t\t\t\tRead more\t\t\t\t\t<\/a>\n\t\t\t\t\t<\/div>\n\t\t\t\t\t\t\t<\/div>\n\t\t\t\t\t\t<\/div>\n\t\t\t\t\t\t<\/div>\n\t\t\t\t<div class=\"elementor-element elementor-element-29f49a3 elementor-cta--skin-classic elementor-animated-content elementor-bg-transform elementor-bg-transform-zoom-in elementor-widget elementor-widget-call-to-action\" data-id=\"29f49a3\" data-element_type=\"widget\" data-e-type=\"widget\" data-widget_type=\"call-to-action.default\">\n\t\t\t\t\t\t\t<div class=\"elementor-cta\">\n\t\t\t\t\t<div class=\"elementor-cta__bg-wrapper\">\n\t\t\t\t<div class=\"elementor-cta__bg elementor-bg\" style=\"background-image: url(https:\/\/apartamentoselmarques.com\/en\/wp-content\/uploads\/sites\/2\/caminito-del-rey-1.webp);\" role=\"img\" aria-label=\"caminito del rey\"><\/div>\n\t\t\t\t<div class=\"elementor-cta__bg-overlay\"><\/div>\n\t\t\t<\/div>\n\t\t\t\t\t\t\t<div class=\"elementor-cta__content\">\n\t\t\t\t\n\t\t\t\t\t\t\t\t\t<h2 class=\"elementor-cta__title elementor-cta__content-item elementor-content-item\">\n\t\t\t\t\t\tGuided tour of Caminito del Rey in M\u00e1laga\t\t\t\t\t<\/h2>\n\t\t\t\t\n\t\t\t\t\n\t\t\t\t\t\t\t\t\t<div class=\"elementor-cta__button-wrapper elementor-cta__content-item elementor-content-item \">\n\t\t\t\t\t<a class=\"elementor-cta__button elementor-button elementor-size-\" href=\"https:\/\/fas.st\/t\/Dh2sEgHh\" target=\"_blank\" rel=\"nofollow\">\n\t\t\t\t\t\tRead more\t\t\t\t\t<\/a>\n\t\t\t\t\t<\/div>\n\t\t\t\t\t\t\t<\/div>\n\t\t\t\t\t\t<\/div>\n\t\t\t\t\t\t<\/div>\n\t\t\t\t<div class=\"elementor-element elementor-element-8bc271f elementor-cta--skin-classic elementor-animated-content elementor-bg-transform elementor-bg-transform-zoom-in elementor-widget elementor-widget-call-to-action\" data-id=\"8bc271f\" data-element_type=\"widget\" data-e-type=\"widget\" data-widget_type=\"call-to-action.default\">\n\t\t\t\t\t\t\t<div class=\"elementor-cta\">\n\t\t\t\t\t<div class=\"elementor-cta__bg-wrapper\">\n\t\t\t\t<div class=\"elementor-cta__bg elementor-bg\" style=\"background-image: url(https:\/\/apartamentoselmarques.com\/en\/wp-content\/uploads\/sites\/2\/flamenco.webp);\" role=\"img\" aria-label=\"flamenco\"><\/div>\n\t\t\t\t<div class=\"elementor-cta__bg-overlay\"><\/div>\n\t\t\t<\/div>\n\t\t\t\t\t\t\t<div class=\"elementor-cta__content\">\n\t\t\t\t\n\t\t\t\t\t\t\t\t\t<h2 class=\"elementor-cta__title elementor-cta__content-item elementor-content-item\">\n\t\t\t\t\t\tFlamenco and horse show in M\u00e1laga\t\t\t\t\t<\/h2>\n\t\t\t\t\n\t\t\t\t\n\t\t\t\t\t\t\t\t\t<div class=\"elementor-cta__button-wrapper elementor-cta__content-item elementor-content-item \">\n\t\t\t\t\t<a class=\"elementor-cta__button elementor-button elementor-size-\" href=\"https:\/\/fas.st\/t\/6pqSKAGT\" target=\"_blank\" rel=\"nofollow\">\n\t\t\t\t\t\tRead more\t\t\t\t\t<\/a>\n\t\t\t\t\t<\/div>\n\t\t\t\t\t\t\t<\/div>\n\t\t\t\t\t\t<\/div>\n\t\t\t\t\t\t<\/div>\n\t\t\t\t<div class=\"elementor-element elementor-element-48bf43b elementor-cta--skin-classic elementor-animated-content elementor-bg-transform elementor-bg-transform-zoom-in elementor-widget elementor-widget-call-to-action\" data-id=\"48bf43b\" data-element_type=\"widget\" data-e-type=\"widget\" data-widget_type=\"call-to-action.default\">\n\t\t\t\t\t\t\t<div class=\"elementor-cta\">\n\t\t\t\t\t<div class=\"elementor-cta__bg-wrapper\">\n\t\t\t\t<div class=\"elementor-cta__bg elementor-bg\" style=\"background-image: url(https:\/\/apartamentoselmarques.com\/en\/wp-content\/uploads\/sites\/2\/bioparc.webp);\" role=\"img\" aria-label=\"bioparc\"><\/div>\n\t\t\t\t<div class=\"elementor-cta__bg-overlay\"><\/div>\n\t\t\t<\/div>\n\t\t\t\t\t\t\t<div class=\"elementor-cta__content\">\n\t\t\t\t\n\t\t\t\t\t\t\t\t\t<h2 class=\"elementor-cta__title elementor-cta__content-item elementor-content-item\">\n\t\t\t\t\t\tTickets for Bioparc Fuengirola\t\t\t\t\t<\/h2>\n\t\t\t\t\n\t\t\t\t\n\t\t\t\t\t\t\t\t\t<div class=\"elementor-cta__button-wrapper elementor-cta__content-item elementor-content-item \">\n\t\t\t\t\t<a class=\"elementor-cta__button elementor-button elementor-size-\" href=\"https:\/\/fas.st\/t\/KumxNJKg\" target=\"_blank\" rel=\"nofollow\">\n\t\t\t\t\t\tRead more\t\t\t\t\t<\/a>\n\t\t\t\t\t<\/div>\n\t\t\t\t\t\t\t<\/div>\n\t\t\t\t\t\t<\/div>\n\t\t\t\t\t\t<\/div>\n\t\t\t\t<div class=\"elementor-element elementor-element-fa4e8a5 elementor-cta--skin-classic elementor-animated-content elementor-bg-transform elementor-bg-transform-zoom-in elementor-widget elementor-widget-call-to-action\" data-id=\"fa4e8a5\" data-element_type=\"widget\" data-e-type=\"widget\" data-widget_type=\"call-to-action.default\">\n\t\t\t\t\t\t\t<div class=\"elementor-cta\">\n\t\t\t\t\t<div class=\"elementor-cta__bg-wrapper\">\n\t\t\t\t<div class=\"elementor-cta__bg elementor-bg\" style=\"background-image: url(https:\/\/apartamentoselmarques.com\/en\/wp-content\/uploads\/sites\/2\/bus-turistico-malaga.webp);\" role=\"img\" aria-label=\"bus turistico malaga\"><\/div>\n\t\t\t\t<div class=\"elementor-cta__bg-overlay\"><\/div>\n\t\t\t<\/div>\n\t\t\t\t\t\t\t<div class=\"elementor-cta__content\">\n\t\t\t\t\n\t\t\t\t\t\t\t\t\t<h2 class=\"elementor-cta__title elementor-cta__content-item elementor-content-item\">\n\t\t\t\t\t\tCity Sightseeing tourist bus in M\u00e1laga\t\t\t\t\t<\/h2>\n\t\t\t\t\n\t\t\t\t\n\t\t\t\t\t\t\t\t\t<div class=\"elementor-cta__button-wrapper elementor-cta__content-item elementor-content-item \">\n\t\t\t\t\t<a class=\"elementor-cta__button elementor-button elementor-size-\" href=\"https:\/\/fas.st\/t\/ygju4pBB\" target=\"_blank\" rel=\"nofollow\">\n\t\t\t\t\t\tRead more\t\t\t\t\t<\/a>\n\t\t\t\t\t<\/div>\n\t\t\t\t\t\t\t<\/div>\n\t\t\t\t\t\t<\/div>\n\t\t\t\t\t\t<\/div>\n\t\t\t\t<div class=\"elementor-element elementor-element-f8a707e elementor-cta--skin-classic elementor-animated-content elementor-bg-transform elementor-bg-transform-zoom-in elementor-widget elementor-widget-call-to-action\" data-id=\"f8a707e\" data-element_type=\"widget\" data-e-type=\"widget\" data-widget_type=\"call-to-action.default\">\n\t\t\t\t\t\t\t<div class=\"elementor-cta\">\n\t\t\t\t\t<div class=\"elementor-cta__bg-wrapper\">\n\t\t\t\t<div class=\"elementor-cta__bg elementor-bg\" style=\"background-image: url(https:\/\/apartamentoselmarques.com\/en\/wp-content\/uploads\/sites\/2\/marbella.webp);\" role=\"img\" aria-label=\"marbella\"><\/div>\n\t\t\t\t<div class=\"elementor-cta__bg-overlay\"><\/div>\n\t\t\t<\/div>\n\t\t\t\t\t\t\t<div class=\"elementor-cta__content\">\n\t\t\t\t\n\t\t\t\t\t\t\t\t\t<h2 class=\"elementor-cta__title elementor-cta__content-item elementor-content-item\">\n\t\t\t\t\t\tDay trip to Marbella and Mijas from Malaga\t\t\t\t\t<\/h2>\n\t\t\t\t\n\t\t\t\t\n\t\t\t\t\t\t\t\t\t<div class=\"elementor-cta__button-wrapper elementor-cta__content-item elementor-content-item \">\n\t\t\t\t\t<a class=\"elementor-cta__button elementor-button elementor-size-\" href=\"https:\/\/fas.st\/t\/xkYkT6En\" target=\"_blank\" rel=\"nofollow\">\n\t\t\t\t\t\tRead more\t\t\t\t\t<\/a>\n\t\t\t\t\t<\/div>\n\t\t\t\t\t\t\t<\/div>\n\t\t\t\t\t\t<\/div>\n\t\t\t\t\t\t<\/div>\n\t\t\t\t<div class=\"elementor-element elementor-element-e7c957d elementor-cta--skin-classic elementor-animated-content elementor-bg-transform elementor-bg-transform-zoom-in elementor-widget elementor-widget-call-to-action\" data-id=\"e7c957d\" data-element_type=\"widget\" data-e-type=\"widget\" data-widget_type=\"call-to-action.default\">\n\t\t\t\t\t\t\t<div class=\"elementor-cta\">\n\t\t\t\t\t<div class=\"elementor-cta__bg-wrapper\">\n\t\t\t\t<div class=\"elementor-cta__bg elementor-bg\" style=\"background-image: url(https:\/\/apartamentoselmarques.com\/en\/wp-content\/uploads\/sites\/2\/Nerja.webp);\" role=\"img\" aria-label=\"Nerja\"><\/div>\n\t\t\t\t<div class=\"elementor-cta__bg-overlay\"><\/div>\n\t\t\t<\/div>\n\t\t\t\t\t\t\t<div class=\"elementor-cta__content\">\n\t\t\t\t\n\t\t\t\t\t\t\t\t\t<h2 class=\"elementor-cta__title elementor-cta__content-item elementor-content-item\">\n\t\t\t\t\t\tDay trip to Nerja and Frigiliana from Malaga\t\t\t\t\t<\/h2>\n\t\t\t\t\n\t\t\t\t\n\t\t\t\t\t\t\t\t\t<div class=\"elementor-cta__button-wrapper elementor-cta__content-item elementor-content-item \">\n\t\t\t\t\t<a class=\"elementor-cta__button elementor-button elementor-size-\" href=\"https:\/\/fas.st\/t\/etviVZ4i\" target=\"_blank\" rel=\"nofollow\">\n\t\t\t\t\t\tRead more\t\t\t\t\t<\/a>\n\t\t\t\t\t<\/div>\n\t\t\t\t\t\t\t<\/div>\n\t\t\t\t\t\t<\/div>\n\t\t\t\t\t\t<\/div>\n\t\t\t\t\t<\/div>\n\t\t\t\t<\/div>\n\t\t<div class=\"elementor-element elementor-element-f8d7f83 e-flex e-con-boxed e-con e-parent\" data-id=\"f8d7f83\" data-element_type=\"container\" data-e-type=\"container\">\n\t\t\t\t\t<div class=\"e-con-inner\">\n\t\t\t\t<div class=\"elementor-element elementor-element-e60b992 elementor-align-center elementor-widget elementor-widget-button\" data-id=\"e60b992\" data-element_type=\"widget\" data-e-type=\"widget\" data-widget_type=\"button.default\">\n\t\t\t\t\t\t\t\t\t\t<a class=\"elementor-button elementor-button-link elementor-size-sm\" href=\"https:\/\/fas.st\/t\/Z3jRLUVN\" target=\"_blank\" rel=\"nofollow\">\n\t\t\t\t\t\t<span class=\"elementor-button-content-wrapper\">\n\t\t\t\t\t\t\t\t\t<span class=\"elementor-button-text\">See more<\/span>\n\t\t\t\t\t<\/span>\n\t\t\t\t\t<\/a>\n\t\t\t\t\t\t\t\t<\/div>\n\t\t\t\t\t<\/div>\n\t\t\t\t<\/div>\n\t\t<div class=\"elementor-element elementor-element-9e08233 e-flex e-con-boxed e-con e-parent\" data-id=\"9e08233\" data-element_type=\"container\" data-e-type=\"container\" data-settings=\"{&quot;background_background&quot;:&quot;classic&quot;}\">\n\t\t\t\t\t<div class=\"e-con-inner\">\n\t\t\t\t<div class=\"elementor-element elementor-element-12dbdb3 elementor-widget elementor-widget-heading\" data-id=\"12dbdb3\" data-element_type=\"widget\" data-e-type=\"widget\" data-widget_type=\"heading.default\">\n\t\t\t\t\t<h2 class=\"elementor-heading-title elementor-size-default\">Available exclusively on our official website<\/h2>\t\t\t\t<\/div>\n\t\t\t\t<div class=\"elementor-element elementor-element-c662aea elementor-widget elementor-widget-text-editor\" data-id=\"c662aea\" data-element_type=\"widget\" data-e-type=\"widget\" data-widget_type=\"text-editor.default\">\n\t\t\t\t\t\t\t\t\t<p>You\u2019ll get the best price, a friendly and personal service,<br \/>and an instant, secure booking<\/p>\t\t\t\t\t\t\t\t<\/div>\n\t\t\t\t<div class=\"elementor-element elementor-element-99413bf elementor-widget elementor-widget-button\" data-id=\"99413bf\" data-element_type=\"widget\" data-e-type=\"widget\" data-widget_type=\"button.default\">\n\t\t\t\t\t\t\t\t\t\t<a class=\"elementor-button elementor-button-link elementor-size-sm\" href=\"https:\/\/booking.avirato.com\/?code=47137009\" target=\"_blank\">\n\t\t\t\t\t\t<span class=\"elementor-button-content-wrapper\">\n\t\t\t\t\t\t\t\t\t<span class=\"elementor-button-text\">Book at the best price<\/span>\n\t\t\t\t\t<\/span>\n\t\t\t\t\t<\/a>\n\t\t\t\t\t\t\t\t<\/div>\n\t\t\t\t\t<\/div>\n\t\t\t\t<\/div>\n\t\t\t\t<\/div>\n\t\t","protected":false},"excerpt":{"rendered":"<p>Experiences So that you may experience new things Things to do in M\u00e1laga Tickets for the Picasso Birthplace Museum in M\u00e1laga Read more Hammam Al \u00c1ndalus Arabic Baths in M\u00e1laga Read more Guided tour of Caminito del Rey in M\u00e1laga Read more Flamenco and horse show in M\u00e1laga Read more Tickets for Bioparc Fuengirola Read [&hellip;]<\/p>\n","protected":false},"author":1,"featured_media":2329,"parent":0,"menu_order":0,"comment_status":"closed","ping_status":"closed","template":"elementor_header_footer","meta":{"editor_notices":[],"footnotes":""},"class_list":["post-2951","page","type-page","status-publish","has-post-thumbnail","hentry"],"yoast_head":"<!-- This site is optimized with the Yoast SEO plugin v27.2 - https:\/\/yoast.com\/product\/yoast-seo-wordpress\/ -->\n<title>Experiencias turisticas en M\u00e1laga - Apartamentos El Marqu\u00e9s M\u00e1laga<\/title>\n<meta name=\"description\" content=\"Descubre experiencias en M\u00e1laga centro: cultura, gastronom\u00eda y actividades cerca de nuestros apartamentos en pleno casco hist\u00f3rico.\" \/>\n<meta name=\"robots\" content=\"index, follow, max-snippet:-1, max-image-preview:large, max-video-preview:-1\" \/>\n<link rel=\"canonical\" href=\"https:\/\/apartamentoselmarques.com\/en\/experiencias\/\" \/>\n<meta property=\"og:locale\" content=\"es_ES\" \/>\n<meta property=\"og:type\" content=\"article\" \/>\n<meta property=\"og:title\" content=\"Experiencias turisticas en M\u00e1laga - Apartamentos El Marqu\u00e9s M\u00e1laga\" \/>\n<meta property=\"og:description\" content=\"Descubre experiencias en M\u00e1laga centro: cultura, gastronom\u00eda y actividades cerca de nuestros apartamentos en pleno casco hist\u00f3rico.\" \/>\n<meta property=\"og:url\" content=\"https:\/\/apartamentoselmarques.com\/en\/experiencias\/\" \/>\n<meta property=\"og:site_name\" content=\"Apartamentos El Marqu\u00e9s M\u00e1laga\" \/>\n<meta property=\"article:modified_time\" content=\"2026-03-16T13:57:54+00:00\" \/>\n<meta property=\"og:image\" content=\"https:\/\/apartamentoselmarques.com\/en\/wp-content\/uploads\/sites\/2\/pareja-en-europa-experiencias.webp\" \/>\n\t<meta property=\"og:image:width\" content=\"1900\" \/>\n\t<meta property=\"og:image:height\" content=\"1267\" \/>\n\t<meta property=\"og:image:type\" content=\"image\/webp\" \/>\n<meta name=\"twitter:card\" content=\"summary_large_image\" \/>\n<meta name=\"twitter:label1\" content=\"Tiempo de lectura\" \/>\n\t<meta name=\"twitter:data1\" content=\"1 minuto\" \/>\n<script type=\"application\/ld+json\" class=\"yoast-schema-graph\">{\"@context\":\"https:\/\/schema.org\",\"@graph\":[{\"@type\":\"WebPage\",\"@id\":\"https:\/\/apartamentoselmarques.com\/en\/experiencias\/\",\"url\":\"https:\/\/apartamentoselmarques.com\/en\/experiencias\/\",\"name\":\"Experiencias turisticas en M\u00e1laga - Apartamentos El Marqu\u00e9s M\u00e1laga\",\"isPartOf\":{\"@id\":\"https:\/\/apartamentoselmarques.com\/en\/#website\"},\"primaryImageOfPage\":{\"@id\":\"https:\/\/apartamentoselmarques.com\/en\/experiencias\/#primaryimage\"},\"image\":{\"@id\":\"https:\/\/apartamentoselmarques.com\/en\/experiencias\/#primaryimage\"},\"thumbnailUrl\":\"https:\/\/apartamentoselmarques.com\/en\/wp-content\/uploads\/sites\/2\/pareja-en-europa-experiencias.webp\",\"datePublished\":\"2026-02-23T16:11:50+00:00\",\"dateModified\":\"2026-03-16T13:57:54+00:00\",\"description\":\"Descubre experiencias en M\u00e1laga centro: cultura, gastronom\u00eda y actividades cerca de nuestros apartamentos en pleno casco hist\u00f3rico.\",\"breadcrumb\":{\"@id\":\"https:\/\/apartamentoselmarques.com\/en\/experiencias\/#breadcrumb\"},\"inLanguage\":\"es\",\"potentialAction\":[{\"@type\":\"ReadAction\",\"target\":[\"https:\/\/apartamentoselmarques.com\/en\/experiencias\/\"]}]},{\"@type\":\"ImageObject\",\"inLanguage\":\"es\",\"@id\":\"https:\/\/apartamentoselmarques.com\/en\/experiencias\/#primaryimage\",\"url\":\"https:\/\/apartamentoselmarques.com\/en\/wp-content\/uploads\/sites\/2\/pareja-en-europa-experiencias.webp\",\"contentUrl\":\"https:\/\/apartamentoselmarques.com\/en\/wp-content\/uploads\/sites\/2\/pareja-en-europa-experiencias.webp\",\"width\":1900,\"height\":1267,\"caption\":\"pareja en europa experiencias\"},{\"@type\":\"BreadcrumbList\",\"@id\":\"https:\/\/apartamentoselmarques.com\/en\/experiencias\/#breadcrumb\",\"itemListElement\":[{\"@type\":\"ListItem\",\"position\":1,\"name\":\"Portada\",\"item\":\"https:\/\/apartamentoselmarques.com\/en\/\"},{\"@type\":\"ListItem\",\"position\":2,\"name\":\"Experiencias\"}]},{\"@type\":\"WebSite\",\"@id\":\"https:\/\/apartamentoselmarques.com\/en\/#website\",\"url\":\"https:\/\/apartamentoselmarques.com\/en\/\",\"name\":\"Apartamentos El Marqu\u00e9s M\u00e1laga\",\"description\":\"Alojamientos tur\u00edsticos en el centro de M\u00e1laga\",\"publisher\":{\"@id\":\"https:\/\/apartamentoselmarques.com\/en\/#organization\"},\"potentialAction\":[{\"@type\":\"SearchAction\",\"target\":{\"@type\":\"EntryPoint\",\"urlTemplate\":\"https:\/\/apartamentoselmarques.com\/en\/?s={search_term_string}\"},\"query-input\":{\"@type\":\"PropertyValueSpecification\",\"valueRequired\":true,\"valueName\":\"search_term_string\"}}],\"inLanguage\":\"es\"},{\"@type\":\"Organization\",\"@id\":\"https:\/\/apartamentoselmarques.com\/en\/#organization\",\"name\":\"Apartamentos El Marqu\u00e9s M\u00e1laga\",\"url\":\"https:\/\/apartamentoselmarques.com\/en\/\",\"logo\":{\"@type\":\"ImageObject\",\"inLanguage\":\"es\",\"@id\":\"https:\/\/apartamentoselmarques.com\/en\/#\/schema\/logo\/image\/\",\"url\":\"https:\/\/apartamentoselmarques.com\/en\/wp-content\/uploads\/sites\/2\/Logotipo-aptos_el_marques.webp\",\"contentUrl\":\"https:\/\/apartamentoselmarques.com\/en\/wp-content\/uploads\/sites\/2\/Logotipo-aptos_el_marques.webp\",\"width\":600,\"height\":422,\"caption\":\"Apartamentos El Marqu\u00e9s M\u00e1laga\"},\"image\":{\"@id\":\"https:\/\/apartamentoselmarques.com\/en\/#\/schema\/logo\/image\/\"}}]}<\/script>\n<!-- \/ Yoast SEO plugin. -->","yoast_head_json":{"title":"Experiencias turisticas en M\u00e1laga - Apartamentos El Marqu\u00e9s M\u00e1laga","description":"Descubre experiencias en M\u00e1laga centro: cultura, gastronom\u00eda y actividades cerca de nuestros apartamentos en pleno casco hist\u00f3rico.","robots":{"index":"index","follow":"follow","max-snippet":"max-snippet:-1","max-image-preview":"max-image-preview:large","max-video-preview":"max-video-preview:-1"},"canonical":"https:\/\/apartamentoselmarques.com\/en\/experiencias\/","og_locale":"es_ES","og_type":"article","og_title":"Experiencias turisticas en M\u00e1laga - Apartamentos El Marqu\u00e9s M\u00e1laga","og_description":"Descubre experiencias en M\u00e1laga centro: cultura, gastronom\u00eda y actividades cerca de nuestros apartamentos en pleno casco hist\u00f3rico.","og_url":"https:\/\/apartamentoselmarques.com\/en\/experiencias\/","og_site_name":"Apartamentos El Marqu\u00e9s M\u00e1laga","article_modified_time":"2026-03-16T13:57:54+00:00","og_image":[{"width":1900,"height":1267,"url":"https:\/\/apartamentoselmarques.com\/en\/wp-content\/uploads\/sites\/2\/pareja-en-europa-experiencias.webp","type":"image\/webp"}],"twitter_card":"summary_large_image","twitter_misc":{"Tiempo de lectura":"1 minuto"},"schema":{"@context":"https:\/\/schema.org","@graph":[{"@type":"WebPage","@id":"https:\/\/apartamentoselmarques.com\/en\/experiencias\/","url":"https:\/\/apartamentoselmarques.com\/en\/experiencias\/","name":"Experiencias turisticas en M\u00e1laga - Apartamentos El Marqu\u00e9s M\u00e1laga","isPartOf":{"@id":"https:\/\/apartamentoselmarques.com\/en\/#website"},"primaryImageOfPage":{"@id":"https:\/\/apartamentoselmarques.com\/en\/experiencias\/#primaryimage"},"image":{"@id":"https:\/\/apartamentoselmarques.com\/en\/experiencias\/#primaryimage"},"thumbnailUrl":"https:\/\/apartamentoselmarques.com\/en\/wp-content\/uploads\/sites\/2\/pareja-en-europa-experiencias.webp","datePublished":"2026-02-23T16:11:50+00:00","dateModified":"2026-03-16T13:57:54+00:00","description":"Descubre experiencias en M\u00e1laga centro: cultura, gastronom\u00eda y actividades cerca de nuestros apartamentos en pleno casco hist\u00f3rico.","breadcrumb":{"@id":"https:\/\/apartamentoselmarques.com\/en\/experiencias\/#breadcrumb"},"inLanguage":"es","potentialAction":[{"@type":"ReadAction","target":["https:\/\/apartamentoselmarques.com\/en\/experiencias\/"]}]},{"@type":"ImageObject","inLanguage":"es","@id":"https:\/\/apartamentoselmarques.com\/en\/experiencias\/#primaryimage","url":"https:\/\/apartamentoselmarques.com\/en\/wp-content\/uploads\/sites\/2\/pareja-en-europa-experiencias.webp","contentUrl":"https:\/\/apartamentoselmarques.com\/en\/wp-content\/uploads\/sites\/2\/pareja-en-europa-experiencias.webp","width":1900,"height":1267,"caption":"pareja en europa experiencias"},{"@type":"BreadcrumbList","@id":"https:\/\/apartamentoselmarques.com\/en\/experiencias\/#breadcrumb","itemListElement":[{"@type":"ListItem","position":1,"name":"Portada","item":"https:\/\/apartamentoselmarques.com\/en\/"},{"@type":"ListItem","position":2,"name":"Experiencias"}]},{"@type":"WebSite","@id":"https:\/\/apartamentoselmarques.com\/en\/#website","url":"https:\/\/apartamentoselmarques.com\/en\/","name":"Apartamentos El Marqu\u00e9s M\u00e1laga","description":"Alojamientos tur\u00edsticos en el centro de M\u00e1laga","publisher":{"@id":"https:\/\/apartamentoselmarques.com\/en\/#organization"},"potentialAction":[{"@type":"SearchAction","target":{"@type":"EntryPoint","urlTemplate":"https:\/\/apartamentoselmarques.com\/en\/?s={search_term_string}"},"query-input":{"@type":"PropertyValueSpecification","valueRequired":true,"valueName":"search_term_string"}}],"inLanguage":"es"},{"@type":"Organization","@id":"https:\/\/apartamentoselmarques.com\/en\/#organization","name":"Apartamentos El Marqu\u00e9s M\u00e1laga","url":"https:\/\/apartamentoselmarques.com\/en\/","logo":{"@type":"ImageObject","inLanguage":"es","@id":"https:\/\/apartamentoselmarques.com\/en\/#\/schema\/logo\/image\/","url":"https:\/\/apartamentoselmarques.com\/en\/wp-content\/uploads\/sites\/2\/Logotipo-aptos_el_marques.webp","contentUrl":"https:\/\/apartamentoselmarques.com\/en\/wp-content\/uploads\/sites\/2\/Logotipo-aptos_el_marques.webp","width":600,"height":422,"caption":"Apartamentos El Marqu\u00e9s M\u00e1laga"},"image":{"@id":"https:\/\/apartamentoselmarques.com\/en\/#\/schema\/logo\/image\/"}}]}},"_links":{"self":[{"href":"https:\/\/apartamentoselmarques.com\/en\/wp-json\/wp\/v2\/pages\/2951","targetHints":{"allow":["GET"]}}],"collection":[{"href":"https:\/\/apartamentoselmarques.com\/en\/wp-json\/wp\/v2\/pages"}],"about":[{"href":"https:\/\/apartamentoselmarques.com\/en\/wp-json\/wp\/v2\/types\/page"}],"author":[{"embeddable":true,"href":"https:\/\/apartamentoselmarques.com\/en\/wp-json\/wp\/v2\/users\/1"}],"replies":[{"embeddable":true,"href":"https:\/\/apartamentoselmarques.com\/en\/wp-json\/wp\/v2\/comments?post=2951"}],"version-history":[{"count":27,"href":"https:\/\/apartamentoselmarques.com\/en\/wp-json\/wp\/v2\/pages\/2951\/revisions"}],"predecessor-version":[{"id":3963,"href":"https:\/\/apartamentoselmarques.com\/en\/wp-json\/wp\/v2\/pages\/2951\/revisions\/3963"}],"wp:featuredmedia":[{"embeddable":true,"href":"https:\/\/apartamentoselmarques.com\/en\/wp-json\/wp\/v2\/media\/2329"}],"wp:attachment":[{"href":"https:\/\/apartamentoselmarques.com\/en\/wp-json\/wp\/v2\/media?parent=2951"}],"curies":[{"name":"wp","href":"https:\/\/api.w.org\/{rel}","templated":true}]}}